{"id":165,"date":"2024-04-09T16:09:04","date_gmt":"2024-04-09T14:09:04","guid":{"rendered":"https:\/\/www.tridestudio.com\/?page_id=165"},"modified":"2024-04-09T16:09:04","modified_gmt":"2024-04-09T14:09:04","slug":"sanitarny-kontajner","status":"publish","type":"page","link":"https:\/\/www.tridestudio.com\/?page_id=165","title":{"rendered":"Sanit\u00e1rny kontajner"},"content":{"rendered":"<p>[et_pb_section fb_built=&#8220;1&#8243; admin_label=&#8220;Header&#8220; _builder_version=&#8220;4.16&#8243; background_image=&#8220;https:\/\/www.tridestudio.com\/wp-content\/uploads\/2024\/03\/investing-16-1.jpg&#8220; background_size=&#8220;initial&#8220; background_position=&#8220;top_center&#8220; custom_padding=&#8220;4vw||0||false|false&#8220; global_colors_info=&#8220;{}&#8220; theme_builder_area=&#8220;post_content&#8220;][et_pb_row column_structure=&#8220;1_2,1_2&#8243; use_custom_gutter=&#8220;on&#8220; gutter_width=&#8220;2&#8243; _builder_version=&#8220;4.24.3&#8243; custom_width_px__hover=&#8220;1080px&#8220; custom_width_px__hover_enabled=&#8220;1080px&#8220; custom_width_percent__hover=&#8220;80%&#8220; custom_width_percent__hover_enabled=&#8220;80%&#8220; global_colors_info=&#8220;{}&#8220; gutter_width__hover=&#8220;3&#8243; gutter_width__hover_enabled=&#8220;3&#8243; parallax_1__hover=&#8220;off&#8220; parallax_1__hover_enabled=&#8220;off&#8220; parallax_2__hover=&#8220;off&#8220; parallax_2__hover_enabled=&#8220;off&#8220; parallax_3__hover=&#8220;off&#8220; parallax_3__hover_enabled=&#8220;off&#8220; parallax_4__hover=&#8220;off&#8220; parallax_4__hover_enabled=&#8220;off&#8220; parallax_5__hover=&#8220;off&#8220; parallax_5__hover_enabled=&#8220;off&#8220; parallax_6__hover=&#8220;off&#8220; parallax_6__hover_enabled=&#8220;off&#8220; parallax_method_1__hover=&#8220;on&#8220; parallax_method_1__hover_enabled=&#8220;on&#8220; parallax_method_2__hover=&#8220;on&#8220; parallax_method_2__hover_enabled=&#8220;on&#8220; parallax_method_3__hover=&#8220;on&#8220; parallax_method_3__hover_enabled=&#8220;on&#8220; parallax_method_4__hover=&#8220;on&#8220; parallax_method_4__hover_enabled=&#8220;on&#8220; parallax_method_5__hover=&#8220;on&#8220; parallax_method_5__hover_enabled=&#8220;on&#8220; parallax_method_6__hover=&#8220;on&#8220; parallax_method_6__hover_enabled=&#8220;on&#8220; use_background_color_gradient__hover=&#8220;off&#8220; use_background_color_gradient__hover_enabled=&#8220;off&#8220; background_color_gradient_start__hover=&#8220;#2b87da&#8220; background_color_gradient_start__hover_enabled=&#8220;#2b87da&#8220; background_color_gradient_end__hover=&#8220;#29c4a9&#8243; background_color_gradient_end__hover_enabled=&#8220;#29c4a9&#8243; background_color_gradient_type__hover=&#8220;linear&#8220; background_color_gradient_type__hover_enabled=&#8220;linear&#8220; background_color_gradient_direction__hover=&#8220;180deg&#8220; background_color_gradient_direction__hover_enabled=&#8220;180deg&#8220; background_color_gradient_direction_radial__hover=&#8220;center&#8220; background_color_gradient_direction_radial__hover_enabled=&#8220;center&#8220; background_color_gradient_start_position__hover=&#8220;0%&#8220; background_color_gradient_start_position__hover_enabled=&#8220;0%&#8220; background_color_gradient_end_position__hover=&#8220;100%&#8220; background_color_gradient_end_position__hover_enabled=&#8220;100%&#8220; background_color_gradient_overlays_image__hover=&#8220;off&#8220; background_color_gradient_overlays_image__hover_enabled=&#8220;off&#8220; parallax__hover=&#8220;off&#8220; parallax__hover_enabled=&#8220;off&#8220; parallax_method__hover=&#8220;on&#8220; parallax_method__hover_enabled=&#8220;on&#8220; background_size__hover=&#8220;cover&#8220; background_size__hover_enabled=&#8220;cover&#8220; background_position__hover=&#8220;center&#8220; background_position__hover_enabled=&#8220;center&#8220; background_repeat__hover=&#8220;no-repeat&#8220; background_repeat__hover_enabled=&#8220;no-repeat&#8220; background_blend__hover=&#8220;normal&#8220; background_blend__hover_enabled=&#8220;normal&#8220; allow_player_pause__hover=&#8220;off&#8220; allow_player_pause__hover_enabled=&#8220;off&#8220; background_video_pause_outside_viewport__hover=&#8220;on&#8220; background_video_pause_outside_viewport__hover_enabled=&#8220;on&#8220; make_fullwidth__hover=&#8220;off&#8220; make_fullwidth__hover_enabled=&#8220;off&#8220; use_custom_width__hover=&#8220;off&#8220; use_custom_width__hover_enabled=&#8220;off&#8220; width_unit__hover=&#8220;on&#8220; width_unit__hover_enabled=&#8220;on&#8220; use_custom_gutter__hover=&#8220;off&#8220; use_custom_gutter__hover_enabled=&#8220;off&#8220; make_equal__hover=&#8220;off&#8220; make_equal__hover_enabled=&#8220;off&#8220; border_radii__hover=&#8220;on||||&#8220; border_radii__hover_enabled=&#8220;on||||&#8220; box_shadow_style__hover=&#8220;none&#8220; box_shadow_style__hover_enabled=&#8220;none&#8220; box_shadow_color__hover=&#8220;rgba(0,0,0,0.3)&#8220; box_shadow_color__hover_enabled=&#8220;rgba(0,0,0,0.3)&#8220; filter_hue_rotate__hover=&#8220;0deg&#8220; filter_hue_rotate__hover_enabled=&#8220;0deg&#8220; filter_saturate__hover=&#8220;100%&#8220; filter_saturate__hover_enabled=&#8220;100%&#8220; filter_brightness__hover=&#8220;100%&#8220; filter_brightness__hover_enabled=&#8220;100%&#8220; filter_contrast__hover=&#8220;100%&#8220; filter_contrast__hover_enabled=&#8220;100%&#8220; filter_invert__hover=&#8220;0%&#8220; filter_invert__hover_enabled=&#8220;0%&#8220; filter_sepia__hover=&#8220;0%&#8220; filter_sepia__hover_enabled=&#8220;0%&#8220; filter_opacity__hover=&#8220;100%&#8220; filter_opacity__hover_enabled=&#8220;100%&#8220; filter_blur__hover=&#8220;0px&#8220; filter_blur__hover_enabled=&#8220;0px&#8220; mix_blend_mode__hover=&#8220;normal&#8220; mix_blend_mode__hover_enabled=&#8220;normal&#8220; animation_style__hover=&#8220;none&#8220; animation_style__hover_enabled=&#8220;none&#8220; animation_repeat__hover=&#8220;once&#8220; animation_repeat__hover_enabled=&#8220;once&#8220; animation_direction__hover=&#8220;center&#8220; animation_direction__hover_enabled=&#8220;center&#8220; animation_duration__hover=&#8220;1000ms&#8220; animation_duration__hover_enabled=&#8220;1000ms&#8220; animation_delay__hover=&#8220;0ms&#8220; animation_delay__hover_enabled=&#8220;0ms&#8220; animation_intensity_slide__hover=&#8220;50%&#8220; animation_intensity_slide__hover_enabled=&#8220;50%&#8220; animation_intensity_zoom__hover=&#8220;50%&#8220; animation_intensity_zoom__hover_enabled=&#8220;50%&#8220; animation_intensity_flip__hover=&#8220;50%&#8220; animation_intensity_flip__hover_enabled=&#8220;50%&#8220; animation_intensity_fold__hover=&#8220;50%&#8220; animation_intensity_fold__hover_enabled=&#8220;50%&#8220; animation_intensity_roll__hover=&#8220;50%&#8220; animation_intensity_roll__hover_enabled=&#8220;50%&#8220; animation_starting_opacity__hover=&#8220;0%&#8220; animation_starting_opacity__hover_enabled=&#8220;0%&#8220; animation_speed_curve__hover=&#8220;ease-in-out&#8220; animation_speed_curve__hover_enabled=&#8220;ease-in-out&#8220; hover_transition_duration__hover=&#8220;300ms&#8220; hover_transition_duration__hover_enabled=&#8220;300ms&#8220; hover_transition_delay__hover=&#8220;0ms&#8220; hover_transition_delay__hover_enabled=&#8220;0ms&#8220; hover_transition_speed_curve__hover=&#8220;ease&#8220; hover_transition_speed_curve__hover_enabled=&#8220;ease&#8220; background_color_gradient_stops__hover=&#8220;#2b87da 0%|#29c4a9 100%&#8220; theme_builder_area=&#8220;post_content&#8220;][et_pb_column type=&#8220;1_2&#8243; _builder_version=&#8220;4.16&#8243; custom_padding=&#8220;|||&#8220; global_colors_info=&#8220;{}&#8220; custom_padding__hover=&#8220;|||&#8220; theme_builder_area=&#8220;post_content&#8220;][et_pb_text _builder_version=&#8220;4.24.3&#8243; text_font=&#8220;||||||||&#8220; header_font=&#8220;Glegoo|700|||||||&#8220; header_font_size=&#8220;60px&#8220; header_line_height=&#8220;1.3em&#8220; background_color_gradient_direction=&#8220;150deg&#8220; custom_padding=&#8220;70px|70px|70px|70px|true|true&#8220; custom_padding_tablet=&#8220;40px|40px|40px|40px|true|true&#8220; custom_padding_phone=&#8220;20px|20px|20px|20px|true|true&#8220; custom_padding_last_edited=&#8220;on|phone&#8220; animation_style=&#8220;flip&#8220; header_font_size_tablet=&#8220;50px&#8220; header_font_size_phone=&#8220;30px&#8220; header_font_size_last_edited=&#8220;on|phone&#8220; box_shadow_style=&#8220;preset1&#8243; box_shadow_vertical=&#8220;40px&#8220; box_shadow_blur=&#8220;200px&#8220; box_shadow_spread=&#8220;-10px&#8220; box_shadow_color=&#8220;rgba(0,0,0,0.08)&#8220; global_colors_info=&#8220;{}&#8220; box_shadow_style__hover=&#8220;none&#8220; box_shadow_style__hover_enabled=&#8220;none&#8220; box_shadow_color__hover=&#8220;rgba(0,0,0,0.3)&#8220; box_shadow_color__hover_enabled=&#8220;rgba(0,0,0,0.3)&#8220; theme_builder_area=&#8220;post_content&#8220;]<\/p>\n<h1>Sanit\u00e1rny<\/h1>\n<h1>kontajner<\/h1>\n<p>[\/et_pb_text][\/et_pb_column][et_pb_column type=&#8220;1_2&#8243; _builder_version=&#8220;4.24.3&#8243; custom_padding=&#8220;0px|||30px|false|false&#8220; custom_padding_tablet=&#8220;0px|||0px&#8220; custom_padding_phone=&#8220;0px|||0px&#8220; custom_padding_last_edited=&#8220;on|phone&#8220; global_colors_info=&#8220;{}&#8220; padding_tablet=&#8220;0px|||0px&#8220; padding_last_edited=&#8220;on|phone&#8220; custom_padding__hover=&#8220;|||&#8220; padding_phone=&#8220;0px|||0px&#8220; theme_builder_area=&#8220;post_content&#8220;][et_pb_text _builder_version=&#8220;4.24.3&#8243; text_font=&#8220;Glegoo|700|||||||&#8220; text_line_height=&#8220;1.9em&#8220; hover_enabled=&#8220;0&#8243; text_font_size_tablet=&#8220;&#8220; text_font_size_phone=&#8220;14px&#8220; text_font_size_last_edited=&#8220;on|phone&#8220; global_colors_info=&#8220;{}&#8220; theme_builder_area=&#8220;post_content&#8220; sticky_enabled=&#8220;0&#8243;]<\/p>\n<p>Hygiena a \u010distota na prvom mieste. Zozn\u00e1mte sa s ponukou na\u0161ich sanit\u00e1rnych kontajnerov.<\/p>\n<p>\u0160tandardn\u00e9 farebn\u00e9 prevedenie \u2013 exteri\u00e9r:<br \/>RAL 5010 \u2013 enci\u00e1novo modr\u00e1<br \/>RAL 9002 \u2013 \u0161edo biela<br \/>RAL 9010 \u2013 \u010disto biela<br \/>RAL 7035\u00a0\u2013\u00a0svetlo \u0161ed\u00e1<br \/>RAL 9006 \u00a0\u2013 bielo alum\u00edniov\u00e1 (strieborn\u00e1)<br \/>RAL 7016 \u00a0\u2013 antracitov\u00e1 \u0161ed\u00e1<\/p>\n<p>\u010eal\u0161ie farebn\u00e9 prevedenie za pr\u00edplatok zo vzorkovn\u00edka RAL \u2013 VZORKOVNIK RAL<\/p>\n<p><strong>Interi\u00e9r<\/strong> \u2013 laminovan\u00e1 drevotrieskov\u00e1 doska \u2013 Svetl\u00fd dub alebo biela<br \/><strong>Izol\u00e1cia<\/strong>\u2013 mo\u017enosti zateplenia kontajnera v hr\u00fabkach 60\/60\/100 alebo 100\/100\/100 mm (steny, podlaha, strecha).<\/p>\n<p>[\/et_pb_text][\/et_pb_column][\/et_pb_row][\/et_pb_section][et_pb_section fb_built=&#8220;1&#8243; admin_label=&#8220;FAQ&#8220; _builder_version=&#8220;4.24.3&#8243; background_image=&#8220;https:\/\/www.tridestudio.com\/wp-content\/uploads\/2024\/04\/kontajner-pozadie.jpg&#8220; background_position=&#8220;top_center&#8220; global_colors_info=&#8220;{}&#8220; theme_builder_area=&#8220;post_content&#8220;][et_pb_row column_structure=&#8220;1_2,1_2&#8243; _builder_version=&#8220;4.16&#8243; global_colors_info=&#8220;{}&#8220; theme_builder_area=&#8220;post_content&#8220;][et_pb_column type=&#8220;1_2&#8243; _builder_version=&#8220;4.16&#8243; custom_padding=&#8220;|||&#8220; global_colors_info=&#8220;{}&#8220; custom_padding__hover=&#8220;|||&#8220; theme_builder_area=&#8220;post_content&#8220;][et_pb_toggle title=&#8220;V\u00fdhody&#8220; open_toggle_background_color=&#8220;rgba(0,0,0,0)&#8220; closed_toggle_background_color=&#8220;rgba(0,0,0,0)&#8220; icon_color=&#8220;#1d48c0&#8243; open_icon_color=&#8220;#1d48c0&#8243; _builder_version=&#8220;4.24.3&#8243; title_level=&#8220;h3&#8243; title_font=&#8220;Glegoo|700|||||||&#8220; title_font_size=&#8220;15px&#8220; title_line_height=&#8220;1.6em&#8220; body_font=&#8220;||||||||&#8220; body_line_height=&#8220;1.9em&#8220; background_enable_image=&#8220;off&#8220; hover_enabled=&#8220;0&#8243; title_font_size_tablet=&#8220;30px&#8220; title_font_size_phone=&#8220;22px&#8220; title_font_size_last_edited=&#8220;off|desktop&#8220; border_width_all=&#8220;2px&#8220; global_colors_info=&#8220;{}&#8220; theme_builder_area=&#8220;post_content&#8220; sticky_enabled=&#8220;0&#8243;]-Hygienick\u00fd nad\u0161tandard<br \/>\n-Tepl\u00e1 alebo studen\u00e1 \u010dist\u00e1 voda<br \/>\n-R\u00f4zne varianty vybavenia<br \/>\n-WC aj pre Z\u0164P<br \/>\n-Hygienick\u00e1 nez\u00e1vadnos\u0165 materi\u00e1lov<br \/>\n-Dlhodob\u00e9 u\u017e\u00edvanie v\u010faka kvalitn\u00fdch materi\u00e1lov[\/et_pb_toggle][et_pb_toggle title=&#8220;Doplnkov\u00e9 zariadenie&#8220; open_toggle_background_color=&#8220;rgba(0,0,0,0)&#8220; closed_toggle_background_color=&#8220;rgba(0,0,0,0)&#8220; icon_color=&#8220;#1d48c0&#8243; open_icon_color=&#8220;#1d48c0&#8243; _builder_version=&#8220;4.24.3&#8243; title_level=&#8220;h3&#8243; title_font=&#8220;Glegoo|700|||||||&#8220; title_font_size=&#8220;15px&#8220; title_line_height=&#8220;1.6em&#8220; body_font=&#8220;||||||||&#8220; body_line_height=&#8220;1.9em&#8220; hover_enabled=&#8220;0&#8243; title_font_size_tablet=&#8220;30px&#8220; title_font_size_phone=&#8220;22px&#8220; title_font_size_last_edited=&#8220;off|desktop&#8220; border_width_all=&#8220;2px&#8220; global_colors_info=&#8220;{}&#8220; theme_builder_area=&#8220;post_content&#8220; sticky_enabled=&#8220;0&#8243;]-Mo\u017enos\u0165 vn\u00fatorn\u00e9ho celovo-plechov\u00e9ho prevedenia<br \/>\n-Bojler 80-300l<br \/>\n-Bat\u00e9rie na tepl\u00fa a studen\u00fa vodu<br \/>\n-WC z\u00e1mok<br \/>\n-Cetris \u2013 cementovo-drevotrieskov\u00e1 doska<br \/>\n-Zrkadlo, dr\u017eiak uter\u00e1ka, dr\u017eiak toaletn\u00e9ho papiera<br \/>\n-Chr\u00e1ni\u010d mrazu[\/et_pb_toggle][et_pb_toggle title=&#8220;Mo\u017enosti vyu\u017eitia kontajnerov&#8220; open_toggle_background_color=&#8220;rgba(0,0,0,0)&#8220; closed_toggle_background_color=&#8220;rgba(0,0,0,0)&#8220; icon_color=&#8220;#1d48c0&#8243; open_icon_color=&#8220;#1d48c0&#8243; _builder_version=&#8220;4.24.3&#8243; title_level=&#8220;h3&#8243; title_font=&#8220;Glegoo|700|||||||&#8220; title_font_size=&#8220;15px&#8220; title_line_height=&#8220;1.6em&#8220; body_font=&#8220;||||||||&#8220; body_line_height=&#8220;1.9em&#8220; hover_enabled=&#8220;0&#8243; title_font_size_tablet=&#8220;30px&#8220; title_font_size_phone=&#8220;22px&#8220; title_font_size_last_edited=&#8220;off|desktop&#8220; border_width_all=&#8220;2px&#8220; global_colors_info=&#8220;{}&#8220; theme_builder_area=&#8220;post_content&#8220; sticky_enabled=&#8220;0&#8243;]-Ubytovacie zariadenia<br \/>\n-Festivaly<br \/>\n-Pre \u0161portovcov<br \/>\n-Verejn\u00e9 WC<br \/>\n-D\u00e1mske WC<br \/>\n-P\u00e1nske WC[\/et_pb_toggle][\/et_pb_column][et_pb_column type=&#8220;1_2&#8243; _builder_version=&#8220;4.16&#8243; custom_padding=&#8220;|||&#8220; global_colors_info=&#8220;{}&#8220; custom_padding__hover=&#8220;|||&#8220; theme_builder_area=&#8220;post_content&#8220;][\/et_pb_column][\/et_pb_row][\/et_pb_section][et_pb_section fb_built=&#8220;1&#8243; _builder_version=&#8220;4.24.3&#8243; _module_preset=&#8220;default&#8220; global_colors_info=&#8220;{}&#8220; theme_builder_area=&#8220;post_content&#8220;][et_pb_row _builder_version=&#8220;4.24.3&#8243; _module_preset=&#8220;default&#8220; global_colors_info=&#8220;{}&#8220; theme_builder_area=&#8220;post_content&#8220;][et_pb_column type=&#8220;4_4&#8243; _builder_version=&#8220;4.24.3&#8243; _module_preset=&#8220;default&#8220; global_colors_info=&#8220;{}&#8220; theme_builder_area=&#8220;post_content&#8220;][et_pb_text _builder_version=&#8220;4.24.3&#8243; text_font=&#8220;||||||||&#8220; text_text_color=&#8220;#000000&#8243; text_font_size=&#8220;15px&#8220; text_line_height=&#8220;2em&#8220; header_font=&#8220;||||||||&#8220; header_3_font=&#8220;Glegoo||||||||&#8220; header_3_text_color=&#8220;#000000&#8243; header_3_font_size=&#8220;30px&#8220; header_3_line_height=&#8220;1.4em&#8220; text_orientation=&#8220;center&#8220; background_layout=&#8220;dark&#8220; header_3_font_size_tablet=&#8220;30px&#8220; header_3_font_size_phone=&#8220;22px&#8220; header_3_font_size_last_edited=&#8220;on|phone&#8220; locked=&#8220;off&#8220; global_colors_info=&#8220;{}&#8220; header_2_font_size__hover=&#8220;26px&#8220; header_2_font_size__hover_enabled=&#8220;26px&#8220; header_2_letter_spacing__hover=&#8220;0px&#8220; header_2_letter_spacing__hover_enabled=&#8220;0px&#8220; header_2_line_height__hover=&#8220;1em&#8220; header_2_line_height__hover_enabled=&#8220;1em&#8220; header_2_text_shadow_style__hover=&#8220;none&#8220; header_2_text_shadow_style__hover_enabled=&#8220;none&#8220; header_2_text_shadow_color__hover=&#8220;rgba(0,0,0,0.4)&#8220; header_2_text_shadow_color__hover_enabled=&#8220;rgba(0,0,0,0.4)&#8220; header_4_font_size__hover=&#8220;18px&#8220; header_4_font_size__hover_enabled=&#8220;18px&#8220; header_4_letter_spacing__hover=&#8220;0px&#8220; header_4_letter_spacing__hover_enabled=&#8220;0px&#8220; header_4_line_height__hover=&#8220;1em&#8220; header_4_line_height__hover_enabled=&#8220;1em&#8220; header_4_text_shadow_style__hover=&#8220;none&#8220; header_4_text_shadow_style__hover_enabled=&#8220;none&#8220; header_4_text_shadow_color__hover=&#8220;rgba(0,0,0,0.4)&#8220; header_4_text_shadow_color__hover_enabled=&#8220;rgba(0,0,0,0.4)&#8220; theme_builder_area=&#8220;post_content&#8220;]<\/p>\n<h3><strong>Typy kontajnerov<\/strong><\/h3>\n<p>Prezrite si v\u0161etky kontajnery v r\u00f4znych ve\u013ekostiach a vybavenia.<\/p>\n<p>[\/et_pb_text][et_pb_gallery gallery_ids=&#8220;167,168,169,170,171,172,173,174,175&#8243; fullwidth=&#8220;on&#8220; _builder_version=&#8220;4.24.3&#8243; _module_preset=&#8220;default&#8220; hover_enabled=&#8220;0&#8243; global_colors_info=&#8220;{}&#8220; theme_builder_area=&#8220;post_content&#8220; sticky_enabled=&#8220;0&#8243;][\/et_pb_gallery][\/et_pb_column][\/et_pb_row][\/et_pb_section]<\/p>\n","protected":false},"excerpt":{"rendered":"<p>Sanit\u00e1rny kontajnerHygiena a \u010distota na prvom mieste. Zozn\u00e1mte sa s ponukou na\u0161ich sanit\u00e1rnych kontajnerov. \u0160tandardn\u00e9 farebn\u00e9 prevedenie \u2013 exteri\u00e9r:RAL 5010 \u2013 enci\u00e1novo modr\u00e1RAL 9002 \u2013 \u0161edo bielaRAL 9010 \u2013 \u010disto bielaRAL 7035\u00a0\u2013\u00a0svetlo \u0161ed\u00e1RAL 9006 \u00a0\u2013 bielo alum\u00edniov\u00e1 (strieborn\u00e1)RAL 7016 \u00a0\u2013 antracitov\u00e1 \u0161ed\u00e1 \u010eal\u0161ie farebn\u00e9 prevedenie za pr\u00edplatok zo vzorkovn\u00edka RAL \u2013 VZORKOVNIK RAL Interi\u00e9r \u2013 [&hellip;]<\/p>\n","protected":false},"author":1,"featured_media":0,"parent":0,"menu_order":0,"comment_status":"closed","ping_status":"closed","template":"","meta":{"_et_pb_use_builder":"on","_et_pb_old_content":"","_et_gb_content_width":"","footnotes":""},"class_list":["post-165","page","type-page","status-publish","hentry"],"_links":{"self":[{"href":"https:\/\/www.tridestudio.com\/index.php?rest_route=\/wp\/v2\/pages\/165","targetHints":{"allow":["GET"]}}],"collection":[{"href":"https:\/\/www.tridestudio.com\/index.php?rest_route=\/wp\/v2\/pages"}],"about":[{"href":"https:\/\/www.tridestudio.com\/index.php?rest_route=\/wp\/v2\/types\/page"}],"author":[{"embeddable":true,"href":"https:\/\/www.tridestudio.com\/index.php?rest_route=\/wp\/v2\/users\/1"}],"replies":[{"embeddable":true,"href":"https:\/\/www.tridestudio.com\/index.php?rest_route=%2Fwp%2Fv2%2Fcomments&post=165"}],"version-history":[{"count":2,"href":"https:\/\/www.tridestudio.com\/index.php?rest_route=\/wp\/v2\/pages\/165\/revisions"}],"predecessor-version":[{"id":176,"href":"https:\/\/www.tridestudio.com\/index.php?rest_route=\/wp\/v2\/pages\/165\/revisions\/176"}],"wp:attachment":[{"href":"https:\/\/www.tridestudio.com\/index.php?rest_route=%2Fwp%2Fv2%2Fmedia&parent=165"}],"curies":[{"name":"wp","href":"https:\/\/api.w.org\/{rel}","templated":true}]}}